{"id":397,"date":"2020-10-05T17:32:57","date_gmt":"2020-10-05T15:32:57","guid":{"rendered":"https:\/\/awandelhof.ch\/?page_id=397"},"modified":"2025-11-18T10:05:16","modified_gmt":"2025-11-18T09:05:16","slug":"ueber-uns-2","status":"publish","type":"page","link":"https:\/\/awandelhof.ch\/?page_id=397","title":{"rendered":"\u00dcber uns"},"content":{"rendered":"<p>[et_pb_section fb_built=&#187;1&#8243; admin_label=&#187;Hero Section&#187; _builder_version=&#187;4.9.4&#8243; use_background_color_gradient=&#187;on&#187; background_color_gradient_start=&#187;rgba(0,0,0,0)&#187; background_color_gradient_end=&#187;rgba(244,240,233,0)&#187; background_color_gradient_direction=&#187;255deg&#187; background_color_gradient_end_position=&#187;35%&#187; background_color_gradient_overlays_image=&#187;on&#187; background_image=&#187;https:\/\/awandelhof.ch\/wp-content\/uploads\/2025\/11\/CC1_8999-scaled.jpg&#187; background_position=&#187;bottom_center&#187; min_height=&#187;773px&#187; custom_margin=&#187;||-128px|||&#187; custom_padding=&#187;0%|0px|0%|0px||&#187; hover_enabled=&#187;0&#8243; title_text=&#187;Familie&#187; sticky_enabled=&#187;0&#8243;][\/et_pb_section][et_pb_section fb_built=&#187;1&#8243; admin_label=&#187;Promo Banner&#187; _builder_version=&#187;4.6.3&#8243; background_color=&#187;rgba(249,201,67,0.77)&#187; width=&#187;100%&#187; max_width=&#187;100%&#187; min_height=&#187;100px&#187; min_height_tablet=&#187;&#187; min_height_phone=&#187;&#187; min_height_last_edited=&#187;on|desktop&#187; height=&#187;110px&#187; max_height=&#187;1000px&#187; custom_margin=&#187;-201px||-39px|||&#187; custom_padding=&#187;0px|0px|0px|0px||&#187;][et_pb_row _builder_version=&#187;3.25&#8243; custom_margin=&#187;125px|auto|14px|auto||&#187; custom_padding=&#187;4px|||||&#187;][et_pb_column type=&#187;4_4&#8243; _builder_version=&#187;3.25&#8243; custom_padding=&#187;|||&#187; custom_padding__hover=&#187;|||&#187;][et_pb_text _builder_version=&#187;4.6.6&#8243; text_font=&#187;||||||||&#187; link_font=&#187;|600|||on||||&#187; link_text_color=&#187;rgba(12,12,12,0.59)&#187; header_font=&#187;||||||||&#187; header_font_size=&#187;100px&#187; header_2_font=&#187;Alice||||||||&#187; header_2_font_size=&#187;45px&#187; header_2_line_height=&#187;1.5em&#187; text_orientation=&#187;center&#187; background_layout=&#187;dark&#187; min_height=&#187;150px&#187; custom_padding=&#187;5px||0px|||&#187; inline_fonts=&#187;Asap,Andika,Acme&#187;]<\/p>\n<h2 style=\"text-align: left;\"><span style=\"color: #ffffff; font-family: Acme; font-weight: normal;\">\u00dcber uns.<\/span><\/h2>\n<h2 style=\"text-align: left;\"><span style=\"font-family: inherit; font-weight: normal; font-size: medium;\"><b><br \/> <\/b><\/span><\/h2>\n<p>[\/et_pb_text][\/et_pb_column][\/et_pb_row][et_pb_row _builder_version=&#187;4.6.5&#8243; _module_preset=&#187;default&#187;][et_pb_column type=&#187;4_4&#8243; _builder_version=&#187;4.6.5&#8243; _module_preset=&#187;default&#187;][et_pb_image src=&#187;https:\/\/awandelhof.ch\/wp-content\/uploads\/2020\/10\/Sonnenblume-1.png&#187; alt=&#187;Sonnenblume&#187; title_text=&#187;Sonnenblume&#187; _builder_version=&#187;4.6.5&#8243; _module_preset=&#187;default&#187; custom_margin=&#187;-176px|||||&#187; custom_padding=&#187;0px|14px|0px|971px||&#187;][\/et_pb_image][\/et_pb_column][\/et_pb_row][et_pb_row _builder_version=&#187;4.6.5&#8243; _module_preset=&#187;default&#187; custom_margin=&#187;-62px|auto||auto||&#187; custom_padding=&#187;0px|||||&#187;][et_pb_column type=&#187;4_4&#8243; _builder_version=&#187;4.6.5&#8243; _module_preset=&#187;default&#187;][et_pb_text _builder_version=&#187;4.6.6&#8243; _module_preset=&#187;default&#187; min_height=&#187;31px&#187; custom_margin=&#187;-70px|||||&#187; custom_padding=&#187;0px||0px|||&#187;]<\/p>\n<p><span style=\"color: #666666; font-size: x-large;\"><strong>Das Team auf dem Awandelhof. <\/strong><\/span><\/p>\n<p>[\/et_pb_text][et_pb_divider _builder_version=&#187;4.6.5&#8243; _module_preset=&#187;default&#187; custom_padding=&#187;||13px|||&#187;][\/et_pb_divider][\/et_pb_column][\/et_pb_row][\/et_pb_section][et_pb_section fb_built=&#187;1&#8243; admin_label=&#187;Our Specialties Section&#187; _builder_version=&#187;4.6.6&#8243; background_color=&#187;rgba(0,0,0,0)&#187; width=&#187;100%&#187; max_width=&#187;100%&#187; min_height=&#187;183px&#187; min_height_last_edited=&#187;off|desktop&#187; height=&#187;100px&#187; max_height=&#187;100px&#187; custom_margin=&#187;38px||1px|||&#187; custom_padding=&#187;59px||0px|||&#187;][\/et_pb_section][et_pb_section fb_built=&#187;1&#8243; _builder_version=&#187;4.9.4&#8243; _module_preset=&#187;default&#187; background_color=&#187;rgba(0,0,0,0)&#187; custom_margin=&#187;1px|||||&#187; custom_padding=&#187;7px||73px|||&#187;][et_pb_row column_structure=&#187;1_2,1_2&#8243; _builder_version=&#187;4.9.4&#8243; _module_preset=&#187;default&#187;][et_pb_column type=&#187;1_2&#8243; _builder_version=&#187;4.6.6&#8243; _module_preset=&#187;default&#187;][et_pb_image src=&#187;https:\/\/awandelhof.ch\/wp-content\/uploads\/2020\/09\/Linda_Matthi-2-scaled.jpg&#187; alt=&#187;Linda und Matthi&#187; title_text=&#187;Linda und Matthi&#187; show_in_lightbox=&#187;on&#187; use_overlay=&#187;on&#187; hover_icon=&#187;%%47%%&#187; _builder_version=&#187;4.6.6&#8243; _module_preset=&#187;default&#187;][\/et_pb_image][et_pb_blurb title=&#187;Linda und Matthias&#187; alt=&#187;Linda und Matthi&#187; _builder_version=&#187;4.9.4&#8243; _module_preset=&#187;default&#187; header_font=&#187;Acme||||||||&#187; header_text_color=&#187;#8ec899&#8243; header_font_size=&#187;25px&#187;]<\/p>\n<p>Bewirtschaften den Awandelhof, welcher Linda am 01.01.2020 von ihren Eltern \u00fcbernehmen durfte.<\/p>\n<p>Matthias ist hauptberuflich im Tunnelbau t\u00e4tig und hilft jede freie Minute auf dem Hof mit.<\/p>\n<p>Mit unseren beiden S\u00f6hnen Paul und Max ist das Familiengl\u00fcck perfekt.<\/p>\n<p>[\/et_pb_blurb][et_pb_image src=&#187;https:\/\/awandelhof.ch\/wp-content\/uploads\/2025\/11\/CC1_9099.jpg&#187; alt=&#187;Linda und Matthi&#187; title_text=&#187;Paul und Max&#187; show_in_lightbox=&#187;on&#187; use_overlay=&#187;on&#187; hover_icon=&#187;%%47%%&#187; _builder_version=&#187;4.9.4&#8243; _module_preset=&#187;default&#187; custom_margin=&#187;|-111px|73px|||&#187; custom_padding=&#187;|121px||||&#187;][\/et_pb_image][\/et_pb_column][et_pb_column type=&#187;1_2&#8243; _builder_version=&#187;4.6.6&#8243; _module_preset=&#187;default&#187;][et_pb_image src=&#187;https:\/\/awandelhof.ch\/wp-content\/uploads\/2020\/09\/Mami_Papi-2-scaled.jpg&#187; alt=&#187;Mami und Papi&#187; title_text=&#187;Mami und Papi&#187; _builder_version=&#187;4.9.4&#8243; _module_preset=&#187;default&#187;][\/et_pb_image][et_pb_blurb title=&#187;Gret und Kari&#187; alt=&#187;Mami und Papi&#187; _builder_version=&#187;4.9.4&#8243; _module_preset=&#187;default&#187; header_font=&#187;Acme||||||||&#187; header_text_color=&#187;#8ec899&#8243; header_font_size=&#187;25px&#187; width=&#187;100%&#187; min_height=&#187;330.7px&#187; custom_padding=&#187;|0px|32px|||&#187; hover_enabled=&#187;0&#8243; sticky_enabled=&#187;0&#8243;]<\/p>\n<p>Gret und Kari sind die Eltern von Linda. Sie leben auf dem Hof und helfen noch immer sehr gerne mit. Kari ist mit seiner langj\u00e4hrigen Berufserfahrung beim Bewirtschaften der Ackerfl\u00e4chen sowie bei der Haltung der K\u00fche eine sehr wichtige Hilfe. Gret ist das Pferdemami und stets f\u00fcr Hardy und Zorro da. Sie ist bei den j\u00e4hrlichen Heu- und Emdarbeiten unentbehrlich.<\/p>\n<p>[\/et_pb_blurb][\/et_pb_column][\/et_pb_row][\/et_pb_section][et_pb_section fb_built=&#187;1&#8243; admin_label=&#187;Special Offer Section&#187; _builder_version=&#187;4.6.5&#8243; background_color=&#187;#e7efef&#187; use_background_color_gradient=&#187;on&#187; background_color_gradient_start=&#187;rgba(235,235,235,0)&#187; background_color_gradient_end=&#187;#ffffff&#187; background_color_gradient_direction=&#187;360deg&#187; background_color_gradient_start_position=&#187;25%&#187; background_color_gradient_overlays_image=&#187;on&#187; background_image=&#187;https:\/\/awandelhof.ch\/wp-content\/uploads\/2020\/10\/AdobeStock_170164853-scaled.jpeg&#187; min_height=&#187;100px&#187; height=&#187;100px&#187; max_height=&#187;100px&#187; custom_margin=&#187;-2px|||||&#187; custom_padding=&#187;36.5%|0px|0%|0px||&#187;][\/et_pb_section]<\/p>\n","protected":false},"excerpt":{"rendered":"<p>[et_pb_section fb_built=&#187;1&#8243; admin_label=&#187;Hero Section&#187; _builder_version=&#187;4.9.4&#8243; use_background_color_gradient=&#187;on&#187; background_color_gradient_start=&#187;rgba(0,0,0,0)&#187; background_color_gradient_end=&#187;rgba(244,240,233,0)&#187; background_color_gradient_direction=&#187;255deg&#187; background_color_gradient_end_position=&#187;35%&#187; background_color_gradient_overlays_image=&#187;on&#187; background_image=&#187;https:\/\/awandelhof.ch\/wp-content\/uploads\/2025\/11\/CC1_8999-scaled.jpg&#187; background_position=&#187;bottom_center&#187; min_height=&#187;773px&#187; custom_margin=&#187;||-128px|||&#187; custom_padding=&#187;0%|0px|0%|0px||&#187; hover_enabled=&#187;0&#8243; title_text=&#187;Familie&#187; sticky_enabled=&#187;0&#8243;][\/et_pb_section][et_pb_section fb_built=&#187;1&#8243; admin_label=&#187;Promo Banner&#187; _builder_version=&#187;4.6.3&#8243; background_color=&#187;rgba(249,201,67,0.77)&#187; width=&#187;100%&#187; max_width=&#187;100%&#187; min_height=&#187;100px&#187; min_height_tablet=&#187;&#187; min_height_phone=&#187;&#187; min_height_last_edited=&#187;on|desktop&#187; height=&#187;110px&#187; max_height=&#187;1000px&#187; custom_margin=&#187;-201px||-39px|||&#187; custom_padding=&#187;0px|0px|0px|0px||&#187;][et_pb_row _builder_version=&#187;3.25&#8243; custom_margin=&#187;125px|auto|14px|auto||&#187; custom_padding=&#187;4px|||||&#187;][et_pb_column type=&#187;4_4&#8243; _builder_version=&#187;3.25&#8243; custom_padding=&#187;|||&#187; custom_padding__hover=&#187;|||&#187;][et_pb_text _builder_version=&#187;4.6.6&#8243; text_font=&#187;||||||||&#187; link_font=&#187;|600|||on||||&#187; link_text_color=&#187;rgba(12,12,12,0.59)&#187; header_font=&#187;||||||||&#187; header_font_size=&#187;100px&#187; header_2_font=&#187;Alice||||||||&#187; header_2_font_size=&#187;45px&#187; header_2_line_height=&#187;1.5em&#187; text_orientation=&#187;center&#187; background_layout=&#187;dark&#187; min_height=&#187;150px&#187; custom_padding=&#187;5px||0px|||&#187; inline_fonts=&#187;Asap,Andika,Acme&#187;] [&hellip;]<\/p>\n","protected":false},"author":1,"featured_media":0,"parent":0,"menu_order":0,"comment_status":"closed","ping_status":"closed","template":"","meta":{"_et_pb_use_builder":"on","_et_pb_old_content":"","_et_gb_content_width":""},"_links":{"self":[{"href":"https:\/\/awandelhof.ch\/index.php?rest_route=\/wp\/v2\/pages\/397"}],"collection":[{"href":"https:\/\/awandelhof.ch\/index.php?rest_route=\/wp\/v2\/pages"}],"about":[{"href":"https:\/\/awandelhof.ch\/index.php?rest_route=\/wp\/v2\/types\/page"}],"author":[{"embeddable":true,"href":"https:\/\/awandelhof.ch\/index.php?rest_route=\/wp\/v2\/users\/1"}],"replies":[{"embeddable":true,"href":"https:\/\/awandelhof.ch\/index.php?rest_route=%2Fwp%2Fv2%2Fcomments&post=397"}],"version-history":[{"count":80,"href":"https:\/\/awandelhof.ch\/index.php?rest_route=\/wp\/v2\/pages\/397\/revisions"}],"predecessor-version":[{"id":1896,"href":"https:\/\/awandelhof.ch\/index.php?rest_route=\/wp\/v2\/pages\/397\/revisions\/1896"}],"wp:attachment":[{"href":"https:\/\/awandelhof.ch\/index.php?rest_route=%2Fwp%2Fv2%2Fmedia&parent=397"}],"curies":[{"name":"wp","href":"https:\/\/api.w.org\/{rel}","templated":true}]}}